{"id":914,"date":"2021-09-07T11:13:08","date_gmt":"2021-09-07T11:13:08","guid":{"rendered":"https:\/\/goesresearchgroup-dev.host3ip.eu\/lines-of-research\/"},"modified":"2023-08-17T08:13:32","modified_gmt":"2023-08-17T08:13:32","slug":"lineas-de-investigacion","status":"publish","type":"page","link":"https:\/\/goesresearchgroup-dev.host3ip.eu\/es\/lineas-de-investigacion\/","title":{"rendered":"L\u00edneas de investigaci\u00f3n"},"content":{"rendered":"\n<div class=\"inherit-container-width wp-block-group block-lines-research is-layout-constrained wp-block-group-is-layout-constrained\"><div class=\"wp-block-group__inner-container\">\n<h3 class=\"line-research-heading has-white-color has-text-color has-background wp-block-heading\" style=\"background-color:#0072cf;font-size:30px\">Digestivo alto<\/h3>\n\n\n\n<div class=\"wp-block-pb-accordion-item c-accordion__item js-accordion-item no-js line-research-content box-shadow\" data-initially-open=\"false\" data-click-to-close=\"true\" data-auto-close=\"false\" data-scroll=\"false\" data-scroll-offset=\"0\"><h4 id=\"at-9140\" class=\"c-accordion__title js-accordion-controller\" role=\"button\">Diagn\u00f3stico y tratamiento de la infecci\u00f3n por <em>H. pylori<\/em><\/h4><div id=\"ac-9140\" class=\"c-accordion__content\">\n<p>European Registry on the <em>H. pylori<\/em> management. Para m\u00e1s informaci\u00f3n visite&nbsp;<a rel=\"noreferrer noopener\" href=\"http:\/\/www.hpeureg.com\/\" target=\"_blank\">www.hpeureg.com<\/a>.<\/p>\n<\/div><\/div>\n\n\n\n<div class=\"wp-block-pb-accordion-item c-accordion__item js-accordion-item no-js line-research-content box-shadow\" data-initially-open=\"false\" data-click-to-close=\"true\" data-auto-close=\"false\" data-scroll=\"false\" data-scroll-offset=\"0\"><h4 id=\"at-9141\" class=\"c-accordion__title js-accordion-controller\" role=\"button\">Caracterizaci\u00f3n molecular del c\u00e1ncer g\u00e1strico<\/h4><div id=\"ac-9141\" class=\"c-accordion__content\">\n<p>Desarrollo de nuevas clasificaciones con aplicabilidad cl\u00ednica.<\/p>\n<\/div><\/div>\n\n\n\n<h3 class=\"line-research-heading has-white-color has-text-color has-background wp-block-heading\" style=\"background-color:#0072cf;font-size:30px\">Digestivo bajo<\/h3>\n\n\n\n<div class=\"wp-block-pb-accordion-item c-accordion__item js-accordion-item no-js line-research-content box-shadow\" data-initially-open=\"false\" data-click-to-close=\"true\" data-auto-close=\"false\" data-scroll=\"false\" data-scroll-offset=\"0\"><h4 id=\"at-9142\" class=\"c-accordion__title js-accordion-controller\" role=\"button\">Detecci\u00f3n de lesiones colorrectales<\/h4><div id=\"ac-9142\" class=\"c-accordion__content\">\n<p>Cromoendoscopia e inteligencia artificial para la detecci\u00f3n de lesiones colorrectales.<\/p>\n\n\n\n<p>Aplicabilidad y desarrollo diagn\u00f3stico de modelos predictivos para la priorizaci\u00f3n de la colonoscopia en la Unidad de Diagn\u00f3stico R\u00e1pido.<\/p>\n<\/div><\/div>\n\n\n\n<div class=\"wp-block-pb-accordion-item c-accordion__item js-accordion-item no-js line-research-content box-shadow\" data-initially-open=\"false\" data-click-to-close=\"true\" data-auto-close=\"false\" data-scroll=\"false\" data-scroll-offset=\"0\"><h4 id=\"at-9143\" class=\"c-accordion__title js-accordion-controller\" role=\"button\">Caracterizaci\u00f3n de las lesiones colorrectales<\/h4><div id=\"ac-9143\" class=\"c-accordion__content\">\n<p>Diagn\u00f3stico \u00f3ptico de p\u00f3lipos diminutos y del patr\u00f3n invasivo de lesiones colorrectales.<\/p>\n\n\n\n<p>Inteligencia artificial en la caracterizaci\u00f3n de p\u00f3lipos.<\/p>\n<\/div><\/div>\n\n\n\n<div class=\"wp-block-pb-accordion-item c-accordion__item js-accordion-item no-js line-research-content box-shadow\" data-initially-open=\"false\" data-click-to-close=\"true\" data-auto-close=\"false\" data-scroll=\"false\" data-scroll-offset=\"0\"><h4 id=\"at-9144\" class=\"c-accordion__title js-accordion-controller\" role=\"button\">Tratamiento de las lesiones colorrectales<\/h4><div id=\"ac-9144\" class=\"c-accordion__content\">\n<p>Resultados cl\u00ednicos del tratamiento endosc\u00f3pico y quir\u00fargico de las lesiones colorrectales y del c\u00e1ncer precoz.<\/p>\n<\/div><\/div>\n\n\n\n<div class=\"wp-block-pb-accordion-item c-accordion__item js-accordion-item no-js line-research-content box-shadow\" data-initially-open=\"false\" data-click-to-close=\"true\" data-auto-close=\"false\" data-scroll=\"false\" data-scroll-offset=\"0\"><h4 id=\"at-9145\" class=\"c-accordion__title js-accordion-controller\" role=\"button\">Diagn\u00f3stico histol\u00f3gico y gen\u00e9tico del c\u00e1ncer colorrectal<\/h4><div id=\"ac-9145\" class=\"c-accordion__content\">\n<p>Factores histol\u00f3gicos y gen\u00e9ticos del c\u00e1ncer colorrectal asociado con las met\u00e1stasis de los ganglios linf\u00e1ticos.<\/p>\n<\/div><\/div>\n\n\n\n<div class=\"wp-block-pb-accordion-item c-accordion__item js-accordion-item no-js line-research-content box-shadow\" data-initially-open=\"false\" data-click-to-close=\"true\" data-auto-close=\"false\" data-scroll=\"false\" data-scroll-offset=\"0\"><h4 id=\"at-9146\" class=\"c-accordion__title js-accordion-controller\" role=\"button\">Vigilancia del paciente con riesgo de c\u00e1ncer colorrectal<\/h4><div id=\"ac-9146\" class=\"c-accordion__content\">\n<p>Recomendaciones de seguimiento para pacientes con alto riesgo de c\u00e1ncer colorrectal.<\/p>\n<\/div><\/div>\n\n\n\n<div class=\"wp-block-pb-accordion-item c-accordion__item js-accordion-item no-js line-research-content box-shadow\" data-initially-open=\"false\" data-click-to-close=\"true\" data-auto-close=\"false\" data-scroll=\"false\" data-scroll-offset=\"0\"><h4 id=\"at-9147\" class=\"c-accordion__title js-accordion-controller\" role=\"button\">Innovaciones 3D aplicadas al aparato digestivo y pared abdominal y cirug\u00eda esofagog\u00e1strica<\/h4><div id=\"ac-9147\" class=\"c-accordion__content\">\n<p>Desarrollo de dispositivos 3D para colostom\u00edas y pared abdominal.<\/p>\n\n\n\n<p>Reconstrucci\u00f3n 3D de tumores digestivos.<\/p>\n<\/div><\/div>\n\n\n\n<div class=\"wp-block-pb-accordion-item c-accordion__item js-accordion-item no-js line-research-content box-shadow\" data-initially-open=\"false\" data-click-to-close=\"true\" data-auto-close=\"false\" data-scroll=\"false\" data-scroll-offset=\"0\"><h4 id=\"at-9148\" class=\"c-accordion__title js-accordion-controller\" role=\"button\">Disfunciones del suelo p\u00e9lvico. Nuevas opciones terap\u00e9uticas<\/h4><div id=\"ac-9148\" class=\"c-accordion__content\">\n<p>Desarrollo de nuevos dispositivos para el tratamiento de la incontinencia.<\/p>\n\n\n\n<p>Modificaciones en los h\u00e1bitos de vida, rehabilitaci\u00f3n del suelo p\u00e9lvico y adherencia a largo plazo por parte de los pacientes.<\/p>\n<\/div><\/div>\n<\/div><\/div>\n","protected":false},"excerpt":{"rendered":"<p>Digestivo alto Digestivo bajo<\/p>\n","protected":false},"author":1,"featured_media":1399,"parent":0,"menu_order":0,"comment_status":"closed","ping_status":"closed","template":"","meta":{"_acf_changed":false,"_uag_custom_page_level_css":"","site-sidebar-layout":"no-sidebar","site-content-layout":"plain-container","ast-site-content-layout":"default","site-content-style":"default","site-sidebar-style":"default","ast-global-header-display":"","ast-banner-title-visibility":"","ast-main-header-display":"","ast-hfb-above-header-display":"","ast-hfb-below-header-display":"","ast-hfb-mobile-header-display":"","site-post-title":"","ast-breadcrumbs-content":"","ast-featured-img":"","footer-sml-layout":"","ast-disable-related-posts":"","theme-transparent-header-meta":"default","adv-header-id-meta":"","stick-header-meta":"","header-above-stick-meta":"","header-main-stick-meta":"","header-below-stick-meta":"","astra-migrate-meta-layouts":"default","ast-page-background-enabled":"default","ast-page-background-meta":{"desktop":{"background-color":"var(--ast-global-color-4)","background-image":"","background-repeat":"repeat","background-position":"center center","background-size":"auto","background-attachment":"scroll","background-type":"","background-media":"","overlay-type":"","overlay-color":"","overlay-opacity":"","overlay-gradient":""},"tablet":{"background-color":"","background-image":"","background-repeat":"repeat","background-position":"center center","background-size":"auto","background-attachment":"scroll","background-type":"","background-media":"","overlay-type":"","overlay-color":"","overlay-opacity":"","overlay-gradient":""},"mobile":{"background-color":"","background-image":"","background-repeat":"repeat","background-position":"center center","background-size":"auto","background-attachment":"scroll","background-type":"","background-media":"","overlay-type":"","overlay-color":"","overlay-opacity":"","overlay-gradient":""}},"ast-content-background-meta":{"desktop":{"background-color":"var(--ast-global-color-5)","background-image":"","background-repeat":"repeat","background-position":"center center","background-size":"auto","background-attachment":"scroll","background-type":"","background-media":"","overlay-type":"","overlay-color":"","overlay-opacity":"","overlay-gradient":""},"tablet":{"background-color":"var(--ast-global-color-5)","background-image":"","background-repeat":"repeat","background-position":"center center","background-size":"auto","background-attachment":"scroll","background-type":"","background-media":"","overlay-type":"","overlay-color":"","overlay-opacity":"","overlay-gradient":""},"mobile":{"background-color":"var(--ast-global-color-5)","background-image":"","background-repeat":"repeat","background-position":"center center","background-size":"auto","background-attachment":"scroll","background-type":"","background-media":"","overlay-type":"","overlay-color":"","overlay-opacity":"","overlay-gradient":""}},"footnotes":""},"class_list":["post-914","page","type-page","status-publish","has-post-thumbnail","hentry"],"acf":[],"uagb_featured_image_src":{"full":["https:\/\/goesresearchgroup-dev.host3ip.eu\/wp-content\/uploads\/2021\/11\/Capcalera-LINES-OF-RESEARCH2-scaled.jpg",2560,619,false],"thumbnail":["https:\/\/goesresearchgroup-dev.host3ip.eu\/wp-content\/uploads\/2021\/11\/Capcalera-LINES-OF-RESEARCH2-150x150.jpg",150,150,true],"medium":["https:\/\/goesresearchgroup-dev.host3ip.eu\/wp-content\/uploads\/2021\/11\/Capcalera-LINES-OF-RESEARCH2-300x73.jpg",300,73,true],"medium_large":["https:\/\/goesresearchgroup-dev.host3ip.eu\/wp-content\/uploads\/2021\/11\/Capcalera-LINES-OF-RESEARCH2-768x186.jpg",768,186,true],"large":["https:\/\/goesresearchgroup-dev.host3ip.eu\/wp-content\/uploads\/2021\/11\/Capcalera-LINES-OF-RESEARCH2-1200x290.jpg",1200,290,true],"1536x1536":["https:\/\/goesresearchgroup-dev.host3ip.eu\/wp-content\/uploads\/2021\/11\/Capcalera-LINES-OF-RESEARCH2-1536x372.jpg",1536,372,true],"2048x2048":["https:\/\/goesresearchgroup-dev.host3ip.eu\/wp-content\/uploads\/2021\/11\/Capcalera-LINES-OF-RESEARCH2-2048x496.jpg",2048,496,true],"gs-tiny":["https:\/\/goesresearchgroup-dev.host3ip.eu\/wp-content\/uploads\/2021\/11\/Capcalera-LINES-OF-RESEARCH2-scaled.jpg",50,12,false],"xl":["https:\/\/goesresearchgroup-dev.host3ip.eu\/wp-content\/uploads\/2021\/11\/Capcalera-LINES-OF-RESEARCH2-scaled.jpg",1600,387,false],"xxl":["https:\/\/goesresearchgroup-dev.host3ip.eu\/wp-content\/uploads\/2021\/11\/Capcalera-LINES-OF-RESEARCH2-scaled.jpg",2200,532,false],"xxxl":["https:\/\/goesresearchgroup-dev.host3ip.eu\/wp-content\/uploads\/2021\/11\/Capcalera-LINES-OF-RESEARCH2-scaled.jpg",2560,619,false],"xxxxl":["https:\/\/goesresearchgroup-dev.host3ip.eu\/wp-content\/uploads\/2021\/11\/Capcalera-LINES-OF-RESEARCH2-scaled.jpg",2560,619,false],"xxxxxl":["https:\/\/goesresearchgroup-dev.host3ip.eu\/wp-content\/uploads\/2021\/11\/Capcalera-LINES-OF-RESEARCH2-scaled.jpg",2560,619,false],"featured":["https:\/\/goesresearchgroup-dev.host3ip.eu\/wp-content\/uploads\/2021\/11\/Capcalera-LINES-OF-RESEARCH2-1360x260.jpg",1360,260,true],"woocommerce_thumbnail":["https:\/\/goesresearchgroup-dev.host3ip.eu\/wp-content\/uploads\/2021\/11\/Capcalera-LINES-OF-RESEARCH2-scaled-300x300.jpg",300,300,true],"woocommerce_single":["https:\/\/goesresearchgroup-dev.host3ip.eu\/wp-content\/uploads\/2021\/11\/Capcalera-LINES-OF-RESEARCH2-scaled.jpg",600,145,false],"woocommerce_gallery_thumbnail":["https:\/\/goesresearchgroup-dev.host3ip.eu\/wp-content\/uploads\/2021\/11\/Capcalera-LINES-OF-RESEARCH2-scaled-100x100.jpg",100,100,true]},"uagb_author_info":{"display_name":"Admin Tres i Punt","author_link":"https:\/\/goesresearchgroup-dev.host3ip.eu\/es\/blog\/author\/admin_tresipunt\/"},"uagb_comment_info":0,"uagb_excerpt":"Digestivo alto Digestivo bajo","_links":{"self":[{"href":"https:\/\/goesresearchgroup-dev.host3ip.eu\/es\/wp-json\/wp\/v2\/pages\/914","targetHints":{"allow":["GET"]}}],"collection":[{"href":"https:\/\/goesresearchgroup-dev.host3ip.eu\/es\/wp-json\/wp\/v2\/pages"}],"about":[{"href":"https:\/\/goesresearchgroup-dev.host3ip.eu\/es\/wp-json\/wp\/v2\/types\/page"}],"author":[{"embeddable":true,"href":"https:\/\/goesresearchgroup-dev.host3ip.eu\/es\/wp-json\/wp\/v2\/users\/1"}],"replies":[{"embeddable":true,"href":"https:\/\/goesresearchgroup-dev.host3ip.eu\/es\/wp-json\/wp\/v2\/comments?post=914"}],"version-history":[{"count":3,"href":"https:\/\/goesresearchgroup-dev.host3ip.eu\/es\/wp-json\/wp\/v2\/pages\/914\/revisions"}],"predecessor-version":[{"id":3529,"href":"https:\/\/goesresearchgroup-dev.host3ip.eu\/es\/wp-json\/wp\/v2\/pages\/914\/revisions\/3529"}],"wp:featuredmedia":[{"embeddable":true,"href":"https:\/\/goesresearchgroup-dev.host3ip.eu\/es\/wp-json\/wp\/v2\/media\/1399"}],"wp:attachment":[{"href":"https:\/\/goesresearchgroup-dev.host3ip.eu\/es\/wp-json\/wp\/v2\/media?parent=914"}],"curies":[{"name":"wp","href":"https:\/\/api.w.org\/{rel}","templated":true}]}}